{"id":827,"date":"2024-02-23T11:57:46","date_gmt":"2024-02-23T17:57:46","guid":{"rendered":"http:\/\/www.inventorhormiga.com\/estudio\/?page_id=827"},"modified":"2024-07-04T22:27:48","modified_gmt":"2024-07-05T03:27:48","slug":"data-recovery","status":"publish","type":"page","link":"https:\/\/www.inventorhormiga.com\/estudio\/data-recovery\/","title":{"rendered":"Data Recovery"},"content":{"rendered":"\n<p>Para reparar un disco duro y recuperar informaci\u00f3n o archivos, se debe seguir el <strong>Proceso de recuperaci\u00f3n de datos<\/strong>:<\/p>\n\n\n\n<div class=\"wp-block-jetpack-send-a-message\">\n<div class=\"wp-block-jetpack-whatsapp-button aligncenter is-color-dark\"><a class=\"whatsapp-block__button\" href=\"https:\/\/api.whatsapp.com\/send?phone=525536662870&amp;text=Hola%2C%20tengo%20tu%20informaci%C3%B3n%20de%20WhatsApp%20de%20tu%20web.\" style=\"background-color:#25D366;color:#fff\" target=\"_self\" rel=\"noopener noreferrer\">Solicita ayuda ahora<\/a><\/div>\n<\/div>\n\n\n\n<ol class=\"wp-block-list\">\n<li>Protecci\u00f3n del dispositivo.<\/li>\n\n\n\n<li>Diagn\u00f3stico de la falla y cotizaci\u00f3n.<\/li>\n\n\n\n<li>Reparaci\u00f3n de emergencia.<\/li>\n\n\n\n<li>Clonado o imagen.<\/li>\n\n\n\n<li>Extracci\u00f3n, reconstrucci\u00f3n y recuperaci\u00f3n de datos.<\/li>\n\n\n\n<li>Verificaci\u00f3n y correcci\u00f3n de errores.<\/li>\n\n\n\n<li>Cobro del servicio y entrega de la informaci\u00f3n recuperada.<\/li>\n<\/ol>\n\n\n\n<figure class=\"wp-block-video\"><video height=\"1080\" style=\"aspect-ratio: 1920 \/ 1080;\" width=\"1920\" controls src=\"https:\/\/www.inventorhormiga.com\/estudio\/wp-content\/uploads\/2024\/07\/Atencion_Precaucion_Data_Recovery_Video.mp4\"><\/video><\/figure>\n\n\n\n<hr class=\"wp-block-separator aligncenter has-text-color has-white-color has-alpha-channel-opacity has-white-background-color has-background\"\/>\n\n\n\n<div class=\"wp-block-jetpack-send-a-message\">\n<div class=\"wp-block-jetpack-whatsapp-button aligncenter is-color-dark\"><a class=\"whatsapp-block__button\" href=\"https:\/\/api.whatsapp.com\/send?phone=525536662870&amp;text=Hola%2C%20tengo%20tu%20informaci%C3%B3n%20de%20WhatsApp%20de%20tu%20web.\" style=\"background-color:#25D366;color:#fff\" target=\"_self\" rel=\"noopener noreferrer\">Solicita ayuda ahora<\/a><\/div>\n<\/div>\n\n\n\n<p>Cada paso est\u00e1 dise\u00f1ado para recuperar la mayor cantidad de archivos, con el menor riesgo de da\u00f1o l\u00f3gico o f\u00edsico posible. <\/p>\n\n\n\n<p>El dispositivo se debe proteger de personas no competentes, pues es muy f\u00e1cil destruir los datos al realizar intentos fallidos, o al aplicar m\u00e9todos incorrectos para la falla presentada. <\/p>\n\n\n\n<p>La recuperacion de datos la debe hacer un profesional con experiencia, porque se requiere de instalaciones, herramienta, insumos, refacciones, equipo y capacitaci\u00f3n especial.<\/p>\n\n\n\n<div class=\"wp-block-columns alignwide is-layout-flex wp-container-core-columns-is-layout-9d6595d7 wp-block-columns-is-layout-flex\">\n<div class=\"wp-block-column is-vertically-aligned-center is-layout-flow wp-block-column-is-layout-flow\"><\/div>\n\n\n\n<div class=\"wp-block-column is-vertically-aligned-bottom is-layout-flow wp-block-column-is-layout-flow\">\n<button id=\"buttonDropAsAMessage\">\u00a1Solicita ayuda ahora!<\/button>\n              <!-- The Modal -->\n               <div id=\"myModal\" class=\"formModal\">\n                <!-- Modal content -->\n                <div class=\"modalContent\">\n                  <span class=\"close\">&times;<\/span>\n                  \n<div class=\"wpcf7 no-js\" id=\"wpcf7-f6-o1\" lang=\"es-ES\" dir=\"ltr\" data-wpcf7-id=\"6\">\n<div class=\"screen-reader-response\"><p role=\"status\" aria-live=\"polite\" aria-atomic=\"true\"><\/p> <ul><\/ul><\/div>\n<form action=\"\/estudio\/wp-json\/wp\/v2\/pages\/827#wpcf7-f6-o1\" method=\"post\" class=\"wpcf7-form init\" aria-label=\"Formulario de contacto\" novalidate=\"novalidate\" data-status=\"init\">\n<fieldset class=\"hidden-fields-container\"><input type=\"hidden\" name=\"_wpcf7\" value=\"6\" \/><input type=\"hidden\" name=\"_wpcf7_version\" value=\"6.1.2\" \/><input type=\"hidden\" name=\"_wpcf7_locale\" value=\"es_ES\" \/><input type=\"hidden\" name=\"_wpcf7_unit_tag\" value=\"wpcf7-f6-o1\" \/><input type=\"hidden\" name=\"_wpcf7_container_post\" value=\"0\" \/><input type=\"hidden\" name=\"_wpcf7_posted_data_hash\" value=\"\" \/>\n<\/fieldset>\n<p><label> Nombre<br \/>\n<span class=\"wpcf7-form-control-wrap\" data-name=\"your-name\"><input size=\"40\" maxlength=\"400\" class=\"wpcf7-form-control wpcf7-text wpcf7-validates-as-required\" autocomplete=\"name\" aria-required=\"true\" aria-invalid=\"false\" value=\"\" type=\"text\" name=\"your-name\" \/><\/span> <\/label>\n<\/p>\n<p><label> Email<br \/>\n<span class=\"wpcf7-form-control-wrap\" data-name=\"your-email\"><input size=\"40\" maxlength=\"400\" class=\"wpcf7-form-control wpcf7-email wpcf7-validates-as-required wpcf7-text wpcf7-validates-as-email\" autocomplete=\"email\" aria-required=\"true\" aria-invalid=\"false\" value=\"\" type=\"email\" name=\"your-email\" \/><\/span> <\/label>\n<\/p>\n<p><label> Asunto<br \/>\n<span class=\"wpcf7-form-control-wrap\" data-name=\"your-subject\"><select class=\"wpcf7-form-control wpcf7-select wpcf7-validates-as-required\" aria-required=\"true\" aria-invalid=\"false\" name=\"your-subject\"><option value=\"(HD) Disco Duro\">(HD) Disco Duro<\/option><option value=\"(SSD) Estado S\u00f3lido\">(SSD) Estado S\u00f3lido<\/option><option value=\"(EM) Memoria Externa\">(EM) Memoria Externa<\/option><option value=\"Otro\">Otro<\/option><\/select><\/span> <\/label>\n<\/p>\n<p><label> Mensaje (optional)<br \/>\n<span class=\"wpcf7-form-control-wrap\" data-name=\"your-message\"><textarea cols=\"40\" rows=\"10\" maxlength=\"2000\" class=\"wpcf7-form-control wpcf7-textarea\" aria-invalid=\"false\" name=\"your-message\"><\/textarea><\/span> <\/label>\n<\/p>\n<p><input class=\"wpcf7-form-control wpcf7-submit has-spinner\" type=\"submit\" value=\"Enviar\" \/>\n<\/p><div class=\"wpcf7-response-output\" aria-hidden=\"true\"><\/div>\n<\/form>\n<\/div>\n\n                <\/div>\n            <\/div>\n            <script>\n              var modal = document.getElementById(\"myModal\");\n              var btn = document.getElementById(\"buttonDropAsAMessage\");\n              var span = document.getElementsByClassName(\"close\")[0];\n              btn.onclick = function() {\n                modal.style.display = \"block\";\n              }\n              span.onclick = function() {\n                modal.style.display = \"none\";\n              }\n              window.onclick = function(event) {\n                if (event.target == modal) {\n                  modal.style.display = \"none\";\n                }\n              }\n            <\/script>\n<\/div>\n\n\n\n<div class=\"wp-block-column is-vertically-aligned-center is-layout-flow wp-block-column-is-layout-flow\"><\/div>\n<\/div>\n\n\n\n<p class=\"has-text-align-center\"><\/p>\n","protected":false},"excerpt":{"rendered":"<p>Para reparar un disco duro y recuperar informaci\u00f3n o archivos, se debe seguir el Proceso de recuperaci\u00f3n de datos: Cada paso est\u00e1 dise\u00f1ado para recuperar la mayor cantidad de archivos, con el menor riesgo de da\u00f1o l\u00f3gico o f\u00edsico posible. El dispositivo se debe proteger de personas no competentes, pues es muy f\u00e1cil destruir los [&hellip;]<\/p>\n","protected":false},"author":1,"featured_media":0,"parent":0,"menu_order":0,"comment_status":"closed","ping_status":"closed","template":"","meta":{"_joinchat":[],"footnotes":""},"class_list":["post-827","page","type-page","status-publish","hentry"],"jetpack_sharing_enabled":true,"jetpack-related-posts":[{"id":3,"url":"https:\/\/www.inventorhormiga.com\/estudio\/politica-privacidad\/","url_meta":{"origin":827,"position":0},"title":"Pol\u00edtica de privacidad","author":"admin","date":"mayo 12, 2023","format":false,"excerpt":"Qui\u00e9nes somos Nuestra direcci\u00f3n de sitio web es: https:\/\/www.inventorhormiga.com\/estudio. Comentarios Cuando los visitantes dejan comentarios en el sitio, recopilamos los datos que se muestran en el formulario de comentarios, as\u00ed como la direcci\u00f3n IP del visitante y la cadena del agente de usuario del navegador para ayudar en la detecci\u00f3n\u2026","rel":"","context":"Entrada similar","block_context":{"text":"Entrada similar","link":""},"img":{"alt_text":"","src":"","width":0,"height":0},"classes":[]},{"id":370,"url":"https:\/\/www.inventorhormiga.com\/estudio\/servicios\/","url_meta":{"origin":827,"position":1},"title":"Servicios","author":"admin","date":"junio 27, 2023","format":false,"excerpt":"Servicios Profesionales Inventor Hormiga\u00ae. Aplicaciones m\u00f3viles (Apps) el mundo a tu alcance Tarjeta de desarrollo Altera Max10 FPGA An\u00e1lisis, Dise\u00f1o, Desarrollo, Pruebas Y Puesta En Producci\u00f3n \u00a1\u00bfEmergencia?! :O Recuperaci\u00f3n de datos \u00bf\u00a1Te ha pasado que accidentalmente borraste archivos de tu memoria USB o disco duro o qu\u00e9 una falla el\u00e9ctrica\u2026","rel":"","context":"Entrada similar","block_context":{"text":"Entrada similar","link":""},"img":{"alt_text":"","src":"https:\/\/i0.wp.com\/www.inventorhormiga.com\/estudio\/wp-content\/uploads\/2024\/07\/Apps_Programming_300X150-1.jpg?resize=350%2C200","width":350,"height":200},"classes":[]},{"id":582,"url":"https:\/\/www.inventorhormiga.com\/estudio\/programacion-de-apps\/","url_meta":{"origin":827,"position":2},"title":"Programaci\u00f3n de Apps","author":"admin","date":"octubre 9, 2023","format":false,"excerpt":"Construimos o mejoramos la Aplicaci\u00f3n que ocupas en tu proyecto o en tu negocio. Dise\u00f1o y desarrollo de aplicaciones para ejecutarse en sistemas operativos de dispositivos m\u00f3viles, los m\u00e1s comunes: Android o iOS. La utilidad de una App es muy variada, desde el entretenimiento hasta operaciones m\u00e1s delicadas como el\u2026","rel":"","context":"Entrada similar","block_context":{"text":"Entrada similar","link":""},"img":{"alt_text":"","src":"https:\/\/i0.wp.com\/www.inventorhormiga.com\/estudio\/wp-content\/uploads\/2023\/05\/about.png?resize=350%2C200","width":350,"height":200},"classes":[]}],"_links":{"self":[{"href":"https:\/\/www.inventorhormiga.com\/estudio\/wp-json\/wp\/v2\/pages\/827","targetHints":{"allow":["GET"]}}],"collection":[{"href":"https:\/\/www.inventorhormiga.com\/estudio\/wp-json\/wp\/v2\/pages"}],"about":[{"href":"https:\/\/www.inventorhormiga.com\/estudio\/wp-json\/wp\/v2\/types\/page"}],"author":[{"embeddable":true,"href":"https:\/\/www.inventorhormiga.com\/estudio\/wp-json\/wp\/v2\/users\/1"}],"replies":[{"embeddable":true,"href":"https:\/\/www.inventorhormiga.com\/estudio\/wp-json\/wp\/v2\/comments?post=827"}],"version-history":[{"count":25,"href":"https:\/\/www.inventorhormiga.com\/estudio\/wp-json\/wp\/v2\/pages\/827\/revisions"}],"predecessor-version":[{"id":1047,"href":"https:\/\/www.inventorhormiga.com\/estudio\/wp-json\/wp\/v2\/pages\/827\/revisions\/1047"}],"wp:attachment":[{"href":"https:\/\/www.inventorhormiga.com\/estudio\/wp-json\/wp\/v2\/media?parent=827"}],"curies":[{"name":"wp","href":"https:\/\/api.w.org\/{rel}","templated":true}]}}