{"id":582,"date":"2023-10-09T22:58:49","date_gmt":"2023-10-10T03:58:49","guid":{"rendered":"http:\/\/www.inventorhormiga.com\/estudio\/?page_id=582"},"modified":"2025-11-10T20:17:27","modified_gmt":"2025-11-11T02:17:27","slug":"programacion-de-apps","status":"publish","type":"page","link":"https:\/\/www.inventorhormiga.com\/estudio\/programacion-de-apps\/","title":{"rendered":"Programaci\u00f3n de Apps"},"content":{"rendered":"\n<p>Construimos o mejoramos la Aplicaci\u00f3n que ocupas en tu proyecto o en tu negocio.<\/p>\n\n\n\n<p>Dise\u00f1o y desarrollo de aplicaciones para ejecutarse en sistemas operativos de dispositivos m\u00f3viles, los m\u00e1s comunes: Android o iOS. <\/p>\n\n\n\n<p>La utilidad de una App es muy variada, desde el entretenimiento hasta operaciones m\u00e1s delicadas como el monitoreo de una l\u00ednea de producci\u00f3n o la aplicaci\u00f3n de pagos bancarios.<\/p>\n\n\n\n<p>Dependiendo de las necesidades del negocio y los usuarios de la App esta puede funcionar de manera aislada en el dispositivo m\u00f3vil o puede necesitar estar conectado a una red para funcionar.<\/p>\n\n\n\n<p>Tambi\u00e9n existen Apps que tienen un usuario que introduce datos o las que son un programa ejecut\u00e1ndose en el dispositivo m\u00f3vil. Esto deriva en si se va a requerir una interfaz gr\u00e1fica para que el usuario interact\u00fae con las funcionalidades da la App o si va a estar orientada a eventos propios del dispositivo m\u00f3vil y su relaci\u00f3n con el resto de las apps o incluso una interfaz gr\u00e1fica de usuario tan sencilla como un par de botones.<\/p>\n\n\n\n<figure class=\"wp-block-gallery has-nested-images columns-default is-cropped wp-block-gallery-1 is-layout-flex wp-block-gallery-is-layout-flex\">\n<figure class=\"wp-block-image size-full\"><img data-recalc-dims=\"1\" loading=\"lazy\" decoding=\"async\" width=\"475\" height=\"474\" data-id=\"263\" src=\"https:\/\/i0.wp.com\/www.inventorhormiga.com\/estudio\/wp-content\/uploads\/2023\/05\/about.png?resize=475%2C474&#038;ssl=1\" alt=\"\" class=\"wp-image-263\" srcset=\"https:\/\/i0.wp.com\/www.inventorhormiga.com\/estudio\/wp-content\/uploads\/2023\/05\/about.png?w=475&amp;ssl=1 475w, https:\/\/i0.wp.com\/www.inventorhormiga.com\/estudio\/wp-content\/uploads\/2023\/05\/about.png?resize=300%2C300&amp;ssl=1 300w, https:\/\/i0.wp.com\/www.inventorhormiga.com\/estudio\/wp-content\/uploads\/2023\/05\/about.png?resize=100%2C100&amp;ssl=1 100w, https:\/\/i0.wp.com\/www.inventorhormiga.com\/estudio\/wp-content\/uploads\/2023\/05\/about.png?resize=150%2C150&amp;ssl=1 150w\" sizes=\"auto, (max-width: 475px) 100vw, 475px\" \/><figcaption class=\"wp-element-caption\">App para smartpone<\/figcaption><\/figure>\n\n\n\n<figure class=\"wp-block-image size-full\"><img data-recalc-dims=\"1\" loading=\"lazy\" decoding=\"async\" width=\"300\" height=\"150\" data-id=\"1088\" src=\"https:\/\/i0.wp.com\/www.inventorhormiga.com\/estudio\/wp-content\/uploads\/2024\/07\/Apps_Programming_300X150-1.jpg?resize=300%2C150&#038;ssl=1\" alt=\"\" class=\"wp-image-1088\" srcset=\"https:\/\/i0.wp.com\/www.inventorhormiga.com\/estudio\/wp-content\/uploads\/2024\/07\/Apps_Programming_300X150-1.jpg?w=300&amp;ssl=1 300w, https:\/\/i0.wp.com\/www.inventorhormiga.com\/estudio\/wp-content\/uploads\/2024\/07\/Apps_Programming_300X150-1.jpg?resize=18%2C9&amp;ssl=1 18w\" sizes=\"auto, (max-width: 300px) 100vw, 300px\" \/><figcaption class=\"wp-element-caption\">El mundo a tu alcance<\/figcaption><\/figure>\n\n\n\n<figure class=\"wp-block-image size-full\"><img data-recalc-dims=\"1\" loading=\"lazy\" decoding=\"async\" width=\"645\" height=\"476\" data-id=\"1412\" src=\"https:\/\/i0.wp.com\/www.inventorhormiga.com\/estudio\/wp-content\/uploads\/2025\/11\/Trabajar_duro_en_la_solucion.jpg?resize=645%2C476&#038;ssl=1\" alt=\"An\u00e1lisis, Dise\u00f1o, Desarrollo, Pruebas y Puesta En Producci\u00f3n\" class=\"wp-image-1412\" srcset=\"https:\/\/i0.wp.com\/www.inventorhormiga.com\/estudio\/wp-content\/uploads\/2025\/11\/Trabajar_duro_en_la_solucion.jpg?w=645&amp;ssl=1 645w, https:\/\/i0.wp.com\/www.inventorhormiga.com\/estudio\/wp-content\/uploads\/2025\/11\/Trabajar_duro_en_la_solucion.jpg?resize=300%2C221&amp;ssl=1 300w\" sizes=\"auto, (max-width: 645px) 100vw, 645px\" \/><figcaption class=\"wp-element-caption\">An\u00e1lisis, Dise\u00f1o, Desarrollo, Pruebas Y Puesta En Producci\u00f3n<\/figcaption><\/figure>\n<\/figure>\n","protected":false},"excerpt":{"rendered":"<p>Construimos o mejoramos la Aplicaci\u00f3n que ocupas en tu proyecto o en tu negocio. Dise\u00f1o y desarrollo de aplicaciones para ejecutarse en sistemas operativos de dispositivos m\u00f3viles, los m\u00e1s comunes: Android o iOS. La utilidad de una App es muy variada, desde el entretenimiento hasta operaciones m\u00e1s delicadas como el monitoreo de una l\u00ednea de [&hellip;]<\/p>\n","protected":false},"author":1,"featured_media":0,"parent":0,"menu_order":0,"comment_status":"closed","ping_status":"closed","template":"","meta":{"_joinchat":[],"footnotes":""},"class_list":["post-582","page","type-page","status-publish","hentry"],"jetpack_sharing_enabled":true,"jetpack-related-posts":[{"id":370,"url":"https:\/\/www.inventorhormiga.com\/estudio\/servicios\/","url_meta":{"origin":582,"position":0},"title":"Servicios","author":"admin","date":"junio 27, 2023","format":false,"excerpt":"Servicios Profesionales Inventor Hormiga\u00ae. Aplicaciones m\u00f3viles (Apps) el mundo a tu alcance Tarjeta de desarrollo Altera Max10 FPGA An\u00e1lisis, Dise\u00f1o, Desarrollo, Pruebas Y Puesta En Producci\u00f3n \u00a1\u00bfEmergencia?! :O Recuperaci\u00f3n de datos \u00bf\u00a1Te ha pasado que accidentalmente borraste archivos de tu memoria USB o disco duro o qu\u00e9 una falla el\u00e9ctrica\u2026","rel":"","context":"Entrada similar","block_context":{"text":"Entrada similar","link":""},"img":{"alt_text":"","src":"https:\/\/i0.wp.com\/www.inventorhormiga.com\/estudio\/wp-content\/uploads\/2024\/07\/Apps_Programming_300X150-1.jpg?resize=350%2C200","width":350,"height":200},"classes":[]},{"id":1395,"url":"https:\/\/www.inventorhormiga.com\/estudio\/circuitos-electronicos-digitales\/","url_meta":{"origin":582,"position":1},"title":"Circuitos electr\u00f3nicos digitales.","author":"admin","date":"noviembre 10, 2025","format":false,"excerpt":"En muchos casos alguno de nuestros proyectos requiere de dispositivos electr\u00f3nicos digitales construidos a la medida, es decir, que cumpla funciones especificas que no se encuentran disponibles en alg\u00fan producto comercial o que est\u00e1 fuera de nuestro presupuesto. Para ellos se requiere el dise\u00f1o y desarrollo de circuitos electr\u00f3nicos digitales.\u2026","rel":"","context":"Entrada similar","block_context":{"text":"Entrada similar","link":""},"img":{"alt_text":"Altera Max10 FPGA","src":"https:\/\/i0.wp.com\/www.inventorhormiga.com\/estudio\/wp-content\/uploads\/2024\/02\/10000255034469021897531495171.jpg?resize=350%2C200","width":350,"height":200,"srcset":"https:\/\/i0.wp.com\/www.inventorhormiga.com\/estudio\/wp-content\/uploads\/2024\/02\/10000255034469021897531495171.jpg?resize=350%2C200 1x, https:\/\/i0.wp.com\/www.inventorhormiga.com\/estudio\/wp-content\/uploads\/2024\/02\/10000255034469021897531495171.jpg?resize=525%2C300 1.5x"},"classes":[]},{"id":3,"url":"https:\/\/www.inventorhormiga.com\/estudio\/politica-privacidad\/","url_meta":{"origin":582,"position":2},"title":"Pol\u00edtica de privacidad","author":"admin","date":"mayo 12, 2023","format":false,"excerpt":"Qui\u00e9nes somos Nuestra direcci\u00f3n de sitio web es: https:\/\/www.inventorhormiga.com\/estudio. Comentarios Cuando los visitantes dejan comentarios en el sitio, recopilamos los datos que se muestran en el formulario de comentarios, as\u00ed como la direcci\u00f3n IP del visitante y la cadena del agente de usuario del navegador para ayudar en la detecci\u00f3n\u2026","rel":"","context":"Entrada similar","block_context":{"text":"Entrada similar","link":""},"img":{"alt_text":"","src":"","width":0,"height":0},"classes":[]}],"_links":{"self":[{"href":"https:\/\/www.inventorhormiga.com\/estudio\/wp-json\/wp\/v2\/pages\/582","targetHints":{"allow":["GET"]}}],"collection":[{"href":"https:\/\/www.inventorhormiga.com\/estudio\/wp-json\/wp\/v2\/pages"}],"about":[{"href":"https:\/\/www.inventorhormiga.com\/estudio\/wp-json\/wp\/v2\/types\/page"}],"author":[{"embeddable":true,"href":"https:\/\/www.inventorhormiga.com\/estudio\/wp-json\/wp\/v2\/users\/1"}],"replies":[{"embeddable":true,"href":"https:\/\/www.inventorhormiga.com\/estudio\/wp-json\/wp\/v2\/comments?post=582"}],"version-history":[{"count":16,"href":"https:\/\/www.inventorhormiga.com\/estudio\/wp-json\/wp\/v2\/pages\/582\/revisions"}],"predecessor-version":[{"id":1424,"href":"https:\/\/www.inventorhormiga.com\/estudio\/wp-json\/wp\/v2\/pages\/582\/revisions\/1424"}],"wp:attachment":[{"href":"https:\/\/www.inventorhormiga.com\/estudio\/wp-json\/wp\/v2\/media?parent=582"}],"curies":[{"name":"wp","href":"https:\/\/api.w.org\/{rel}","templated":true}]}}