{"id":57,"date":"2020-10-20T11:58:58","date_gmt":"2020-10-20T11:58:58","guid":{"rendered":"http:\/\/burgerthemes.com\/demo\/pro\/spintech\/?page_id=57"},"modified":"2020-10-20T11:58:58","modified_gmt":"2020-10-20T11:58:58","slug":"contact","status":"publish","type":"page","link":"https:\/\/www.inventorhormiga.com\/estudio\/contact\/","title":{"rendered":"Contact"},"content":{"rendered":"","protected":false},"excerpt":{"rendered":"","protected":false},"author":1,"featured_media":0,"parent":0,"menu_order":0,"comment_status":"closed","ping_status":"closed","template":"templates\/template-contact.php","meta":{"_joinchat":[],"footnotes":""},"class_list":["post-57","page","type-page","status-publish","hentry"],"jetpack_sharing_enabled":true,"jetpack-related-posts":[{"id":827,"url":"https:\/\/www.inventorhormiga.com\/estudio\/data-recovery\/","url_meta":{"origin":57,"position":0},"title":"Data Recovery","author":"admin","date":"febrero 23, 2024","format":false,"excerpt":"Para reparar un disco duro y recuperar informaci\u00f3n o archivos, se debe seguir el Proceso de recuperaci\u00f3n de datos: Solicita ayuda ahora Protecci\u00f3n del dispositivo. Diagn\u00f3stico de la falla y cotizaci\u00f3n. Reparaci\u00f3n de emergencia. Clonado o imagen. Extracci\u00f3n, reconstrucci\u00f3n y recuperaci\u00f3n de datos. Verificaci\u00f3n y correcci\u00f3n de errores. Cobro del\u2026","rel":"","context":"Entrada similar","block_context":{"text":"Entrada similar","link":""},"img":{"alt_text":"","src":"","width":0,"height":0},"classes":[]}],"_links":{"self":[{"href":"https:\/\/www.inventorhormiga.com\/estudio\/wp-json\/wp\/v2\/pages\/57","targetHints":{"allow":["GET"]}}],"collection":[{"href":"https:\/\/www.inventorhormiga.com\/estudio\/wp-json\/wp\/v2\/pages"}],"about":[{"href":"https:\/\/www.inventorhormiga.com\/estudio\/wp-json\/wp\/v2\/types\/page"}],"author":[{"embeddable":true,"href":"https:\/\/www.inventorhormiga.com\/estudio\/wp-json\/wp\/v2\/users\/1"}],"replies":[{"embeddable":true,"href":"https:\/\/www.inventorhormiga.com\/estudio\/wp-json\/wp\/v2\/comments?post=57"}],"version-history":[{"count":0,"href":"https:\/\/www.inventorhormiga.com\/estudio\/wp-json\/wp\/v2\/pages\/57\/revisions"}],"wp:attachment":[{"href":"https:\/\/www.inventorhormiga.com\/estudio\/wp-json\/wp\/v2\/media?parent=57"}],"curies":[{"name":"wp","href":"https:\/\/api.w.org\/{rel}","templated":true}]}}