{"id":370,"date":"2023-06-27T02:37:54","date_gmt":"2023-06-27T07:37:54","guid":{"rendered":"http:\/\/www.inventorhormiga.com\/estudio\/?page_id=370"},"modified":"2025-11-10T19:18:36","modified_gmt":"2025-11-11T01:18:36","slug":"servicios","status":"publish","type":"page","link":"https:\/\/www.inventorhormiga.com\/estudio\/servicios\/","title":{"rendered":"Servicios"},"content":{"rendered":"\n<h2 class=\"wp-block-heading\">Servicios Profesionales Inventor Hormiga\u00ae.<\/h2>\n\n\n\n<figure class=\"wp-block-gallery has-nested-images columns-default is-cropped wp-block-gallery-1 is-layout-flex wp-block-gallery-is-layout-flex\">\n<figure class=\"wp-block-image size-large\"><img data-recalc-dims=\"1\" loading=\"lazy\" decoding=\"async\" width=\"300\" height=\"150\" data-id=\"1088\" src=\"https:\/\/i0.wp.com\/www.inventorhormiga.com\/estudio\/wp-content\/uploads\/2024\/07\/Apps_Programming_300X150-1.jpg?resize=300%2C150&#038;ssl=1\" alt=\"\" class=\"wp-image-1088\" srcset=\"https:\/\/i0.wp.com\/www.inventorhormiga.com\/estudio\/wp-content\/uploads\/2024\/07\/Apps_Programming_300X150-1.jpg?w=300&amp;ssl=1 300w, https:\/\/i0.wp.com\/www.inventorhormiga.com\/estudio\/wp-content\/uploads\/2024\/07\/Apps_Programming_300X150-1.jpg?resize=18%2C9&amp;ssl=1 18w\" sizes=\"auto, (max-width: 300px) 100vw, 300px\" \/><figcaption class=\"wp-element-caption\">Aplicaciones m\u00f3viles (Apps) el mundo a tu alcance<\/figcaption><\/figure>\n\n\n\n<figure class=\"wp-block-image size-large\"><img data-recalc-dims=\"1\" loading=\"lazy\" decoding=\"async\" width=\"690\" height=\"444\" data-id=\"762\" src=\"https:\/\/i0.wp.com\/www.inventorhormiga.com\/estudio\/wp-content\/uploads\/2024\/02\/10000255034469021897531495171.jpg?resize=690%2C444&#038;ssl=1\" alt=\"\" class=\"wp-image-762\" srcset=\"https:\/\/i0.wp.com\/www.inventorhormiga.com\/estudio\/wp-content\/uploads\/2024\/02\/10000255034469021897531495171.jpg?w=690&amp;ssl=1 690w, https:\/\/i0.wp.com\/www.inventorhormiga.com\/estudio\/wp-content\/uploads\/2024\/02\/10000255034469021897531495171.jpg?resize=300%2C193&amp;ssl=1 300w, https:\/\/i0.wp.com\/www.inventorhormiga.com\/estudio\/wp-content\/uploads\/2024\/02\/10000255034469021897531495171.jpg?resize=600%2C386&amp;ssl=1 600w\" sizes=\"auto, (max-width: 690px) 100vw, 690px\" \/><figcaption class=\"wp-element-caption\">Tarjeta de desarrollo Altera Max10 FPGA<\/figcaption><\/figure>\n\n\n\n<figure class=\"wp-block-image size-full\"><img data-recalc-dims=\"1\" loading=\"lazy\" decoding=\"async\" width=\"645\" height=\"476\" data-id=\"1412\" src=\"https:\/\/i0.wp.com\/www.inventorhormiga.com\/estudio\/wp-content\/uploads\/2025\/11\/Trabajar_duro_en_la_solucion.jpg?resize=645%2C476&#038;ssl=1\" alt=\"An\u00e1lisis, Dise\u00f1o, Desarrollo, Pruebas y Puesta En Producci\u00f3n\" class=\"wp-image-1412\" srcset=\"https:\/\/i0.wp.com\/www.inventorhormiga.com\/estudio\/wp-content\/uploads\/2025\/11\/Trabajar_duro_en_la_solucion.jpg?w=645&amp;ssl=1 645w, https:\/\/i0.wp.com\/www.inventorhormiga.com\/estudio\/wp-content\/uploads\/2025\/11\/Trabajar_duro_en_la_solucion.jpg?resize=300%2C221&amp;ssl=1 300w\" sizes=\"auto, (max-width: 645px) 100vw, 645px\" \/><figcaption class=\"wp-element-caption\">An\u00e1lisis, Dise\u00f1o, Desarrollo, Pruebas Y Puesta En Producci\u00f3n<\/figcaption><\/figure>\n\n\n\n<figure class=\"wp-block-image size-large\"><img data-recalc-dims=\"1\" loading=\"lazy\" decoding=\"async\" width=\"1024\" height=\"313\" data-id=\"1410\" src=\"https:\/\/i0.wp.com\/www.inventorhormiga.com\/estudio\/wp-content\/uploads\/2025\/11\/DataRecovery.jpg?resize=1024%2C313&#038;ssl=1\" alt=\"\" class=\"wp-image-1410\" srcset=\"https:\/\/i0.wp.com\/www.inventorhormiga.com\/estudio\/wp-content\/uploads\/2025\/11\/DataRecovery.jpg?resize=1024%2C313&amp;ssl=1 1024w, https:\/\/i0.wp.com\/www.inventorhormiga.com\/estudio\/wp-content\/uploads\/2025\/11\/DataRecovery.jpg?resize=300%2C92&amp;ssl=1 300w, https:\/\/i0.wp.com\/www.inventorhormiga.com\/estudio\/wp-content\/uploads\/2025\/11\/DataRecovery.jpg?resize=768%2C234&amp;ssl=1 768w, https:\/\/i0.wp.com\/www.inventorhormiga.com\/estudio\/wp-content\/uploads\/2025\/11\/DataRecovery.jpg?resize=1536%2C469&amp;ssl=1 1536w, https:\/\/i0.wp.com\/www.inventorhormiga.com\/estudio\/wp-content\/uploads\/2025\/11\/DataRecovery.jpg?w=1651&amp;ssl=1 1651w\" sizes=\"auto, (max-width: 1024px) 100vw, 1024px\" \/><figcaption class=\"wp-element-caption\">\u00a1\u00bfEmergencia?! :O Recuperaci\u00f3n de datos<\/figcaption><\/figure>\n<\/figure>\n\n\n\n<hr class=\"wp-block-separator has-alpha-channel-opacity is-style-dots\"\/>\n\n\n\n<p>\u00bf\u00a1Te ha pasado que accidentalmente borraste archivos de tu memoria USB o disco duro o qu\u00e9 una falla el\u00e9ctrica ocasion\u00f3 da\u00f1os en el NAS de tu red de trabajo\u00a1?, no te preocupes, puedes respirar otra vez, con nuestro servicio de <a href=\"https:\/\/www.inventorhormiga.com\/estudio\/data-recovery\/\">Data Recovery (Recuperaci\u00f3n de datos)<\/a> ese problema quedar\u00e1 como una experiencia m\u00e1s para contar, pero s\u00ed es importante poner atenci\u00f3n y tomar ciertas precauciones, da <a href=\"https:\/\/www.inventorhormiga.com\/estudio\/data-recovery\/\">clic aqu\u00ed para obtener atenci\u00f3n<\/a>.<\/p>\n\n\n\n<p>Si tu negocio o la empresa en la que trabajas requiere una <a href=\"https:\/\/www.inventorhormiga.com\/estudio\/programacion-de-apps\/\">App para celular y iPad o una aplicaci\u00f3n de escritorio para computadora<\/a> aqu\u00ed la desarrollamos de la misma forma que el sastre confecciona el vestido de una novia, completamente \u00ab<a href=\"https:\/\/www.inventorhormiga.com\/estudio\/a-la-medida\/\" data-type=\"page\" data-id=\"1204\">\u00a1A la medida!<\/a>\u00ab.<\/p>\n\n\n\n<p>\u00bfNecesitas ayuda en la construcci\u00f3n de peque\u00f1as piezas y circuitos?, tambi\u00e9n te ayudamos: a trav\u00e9s de corte y grabado CNC, impresi\u00f3n 3D, modelado 3D listo para imprimir, <a href=\"https:\/\/www.inventorhormiga.com\/estudio\/circuitos-electronicos-digitales\/\" data-type=\"page\" data-id=\"1395\">dise\u00f1o y simulaci\u00f3n de m\u00f3dulos de electr\u00f3nica digital listos para pasar a PCB<\/a>.<\/p>\n\n\n\n<p><strong>Estudio Inventor Hormiga\u00ad\u00ae IT Maker<\/strong> te ofrecemos servicios que te van a ayudar un mont\u00f3n en tu proyecto de negocios, arquitectura, mercadotecnia, programaci\u00f3n, rob\u00f3tica, etc\u00e9tera.<\/p>\n\n\n\n<p><\/p>\n\n\n\n<p><\/p>\n","protected":false},"excerpt":{"rendered":"<p>Servicios Profesionales Inventor Hormiga\u00ae. \u00bf\u00a1Te ha pasado que accidentalmente borraste archivos de tu memoria USB o disco duro o qu\u00e9 una falla el\u00e9ctrica ocasion\u00f3 da\u00f1os en el NAS de tu red de trabajo\u00a1?, no te preocupes, puedes respirar otra vez, con nuestro servicio de Data Recovery (Recuperaci\u00f3n de datos) ese problema quedar\u00e1 como una experiencia [&hellip;]<\/p>\n","protected":false},"author":1,"featured_media":0,"parent":0,"menu_order":0,"comment_status":"closed","ping_status":"closed","template":"","meta":{"_joinchat":[],"footnotes":""},"class_list":["post-370","page","type-page","status-publish","hentry"],"jetpack_sharing_enabled":true,"jetpack-related-posts":[{"id":1395,"url":"https:\/\/www.inventorhormiga.com\/estudio\/circuitos-electronicos-digitales\/","url_meta":{"origin":370,"position":0},"title":"Circuitos electr\u00f3nicos digitales.","author":"admin","date":"noviembre 10, 2025","format":false,"excerpt":"En muchos casos alguno de nuestros proyectos requiere de dispositivos electr\u00f3nicos digitales construidos a la medida, es decir, que cumpla funciones especificas que no se encuentran disponibles en alg\u00fan producto comercial o que est\u00e1 fuera de nuestro presupuesto. Para ellos se requiere el dise\u00f1o y desarrollo de circuitos electr\u00f3nicos digitales.\u2026","rel":"","context":"Entrada similar","block_context":{"text":"Entrada similar","link":""},"img":{"alt_text":"Altera Max10 FPGA","src":"https:\/\/i0.wp.com\/www.inventorhormiga.com\/estudio\/wp-content\/uploads\/2024\/02\/10000255034469021897531495171.jpg?resize=350%2C200","width":350,"height":200,"srcset":"https:\/\/i0.wp.com\/www.inventorhormiga.com\/estudio\/wp-content\/uploads\/2024\/02\/10000255034469021897531495171.jpg?resize=350%2C200 1x, https:\/\/i0.wp.com\/www.inventorhormiga.com\/estudio\/wp-content\/uploads\/2024\/02\/10000255034469021897531495171.jpg?resize=525%2C300 1.5x"},"classes":[]},{"id":582,"url":"https:\/\/www.inventorhormiga.com\/estudio\/programacion-de-apps\/","url_meta":{"origin":370,"position":1},"title":"Programaci\u00f3n de Apps","author":"admin","date":"octubre 9, 2023","format":false,"excerpt":"Construimos o mejoramos la Aplicaci\u00f3n que ocupas en tu proyecto o en tu negocio. Dise\u00f1o y desarrollo de aplicaciones para ejecutarse en sistemas operativos de dispositivos m\u00f3viles, los m\u00e1s comunes: Android o iOS. La utilidad de una App es muy variada, desde el entretenimiento hasta operaciones m\u00e1s delicadas como el\u2026","rel":"","context":"Entrada similar","block_context":{"text":"Entrada similar","link":""},"img":{"alt_text":"","src":"https:\/\/i0.wp.com\/www.inventorhormiga.com\/estudio\/wp-content\/uploads\/2023\/05\/about.png?resize=350%2C200","width":350,"height":200},"classes":[]},{"id":827,"url":"https:\/\/www.inventorhormiga.com\/estudio\/data-recovery\/","url_meta":{"origin":370,"position":2},"title":"Data Recovery","author":"admin","date":"febrero 23, 2024","format":false,"excerpt":"Para reparar un disco duro y recuperar informaci\u00f3n o archivos, se debe seguir el Proceso de recuperaci\u00f3n de datos: Solicita ayuda ahora Protecci\u00f3n del dispositivo. Diagn\u00f3stico de la falla y cotizaci\u00f3n. Reparaci\u00f3n de emergencia. Clonado o imagen. Extracci\u00f3n, reconstrucci\u00f3n y recuperaci\u00f3n de datos. Verificaci\u00f3n y correcci\u00f3n de errores. Cobro del\u2026","rel":"","context":"Entrada similar","block_context":{"text":"Entrada similar","link":""},"img":{"alt_text":"","src":"","width":0,"height":0},"classes":[]},{"id":598,"url":"https:\/\/www.inventorhormiga.com\/estudio\/frontend-con-react-js-mui\/","url_meta":{"origin":370,"position":3},"title":"Frontend con React JS MUI","author":"admin","date":"octubre 10, 2023","format":false,"excerpt":"El objetivo de este curso es adquirir la habilidad para construir aplicaciones para el Front End ocupando React JS y Material User Interface (MUI). En construcci\u00f3n ...","rel":"","context":"Entrada similar","block_context":{"text":"Entrada similar","link":""},"img":{"alt_text":"","src":"https:\/\/i0.wp.com\/www.inventorhormiga.com\/estudio\/wp-content\/uploads\/2023\/09\/Sitio_Web_En_Construccion.gif?resize=350%2C200&ssl=1","width":350,"height":200,"srcset":"https:\/\/i0.wp.com\/www.inventorhormiga.com\/estudio\/wp-content\/uploads\/2023\/09\/Sitio_Web_En_Construccion.gif?resize=350%2C200&ssl=1 1x, https:\/\/i0.wp.com\/www.inventorhormiga.com\/estudio\/wp-content\/uploads\/2023\/09\/Sitio_Web_En_Construccion.gif?resize=525%2C300&ssl=1 1.5x"},"classes":[]},{"id":259,"url":"https:\/\/www.inventorhormiga.com\/estudio\/","url_meta":{"origin":370,"position":4},"title":"Home","author":"admin","date":"octubre 20, 2020","format":false,"excerpt":"","rel":"","context":"Entrada similar","block_context":{"text":"Entrada similar","link":""},"img":{"alt_text":"","src":"","width":0,"height":0},"classes":[]},{"id":8,"url":"https:\/\/www.inventorhormiga.com\/estudio\/shop\/","url_meta":{"origin":370,"position":5},"title":"Shop","author":"admin","date":"mayo 12, 2023","format":false,"excerpt":"","rel":"","context":"Entrada similar","block_context":{"text":"Entrada similar","link":""},"img":{"alt_text":"","src":"","width":0,"height":0},"classes":[]}],"_links":{"self":[{"href":"https:\/\/www.inventorhormiga.com\/estudio\/wp-json\/wp\/v2\/pages\/370","targetHints":{"allow":["GET"]}}],"collection":[{"href":"https:\/\/www.inventorhormiga.com\/estudio\/wp-json\/wp\/v2\/pages"}],"about":[{"href":"https:\/\/www.inventorhormiga.com\/estudio\/wp-json\/wp\/v2\/types\/page"}],"author":[{"embeddable":true,"href":"https:\/\/www.inventorhormiga.com\/estudio\/wp-json\/wp\/v2\/users\/1"}],"replies":[{"embeddable":true,"href":"https:\/\/www.inventorhormiga.com\/estudio\/wp-json\/wp\/v2\/comments?post=370"}],"version-history":[{"count":39,"href":"https:\/\/www.inventorhormiga.com\/estudio\/wp-json\/wp\/v2\/pages\/370\/revisions"}],"predecessor-version":[{"id":1413,"href":"https:\/\/www.inventorhormiga.com\/estudio\/wp-json\/wp\/v2\/pages\/370\/revisions\/1413"}],"wp:attachment":[{"href":"https:\/\/www.inventorhormiga.com\/estudio\/wp-json\/wp\/v2\/media?parent=370"}],"curies":[{"name":"wp","href":"https:\/\/api.w.org\/{rel}","templated":true}]}}