{"id":3,"date":"2023-05-12T12:14:29","date_gmt":"2023-05-12T12:14:29","guid":{"rendered":"http:\/\/www.inventorhormiga.com\/estudio\/?page_id=3"},"modified":"2024-02-29T15:18:36","modified_gmt":"2024-02-29T21:18:36","slug":"politica-privacidad","status":"publish","type":"page","link":"https:\/\/www.inventorhormiga.com\/estudio\/politica-privacidad\/","title":{"rendered":"Pol\u00edtica de privacidad"},"content":{"rendered":"\n<h2 class=\"wp-block-heading\">Qui\u00e9nes somos<\/h2>\n\n\n\n<p>Nuestra direcci\u00f3n de sitio web es: https:\/\/www.inventorhormiga.com\/estudio.<\/p>\n\n\n\n<h2 class=\"wp-block-heading\">Comentarios<\/h2>\n\n\n\n<p>Cuando los visitantes dejan comentarios en el sitio, recopilamos los datos que se muestran en el formulario de comentarios, as\u00ed como la direcci\u00f3n IP del visitante y la cadena del agente de usuario del navegador para ayudar en la detecci\u00f3n de spam.<\/p>\n\n\n\n<p>Una cadena an\u00f3nima creada a partir de tu direcci\u00f3n de correo electr\u00f3nico (tambi\u00e9n conocida como hash) puede ser proporcionada al servicio de Gravatar para ver si lo est\u00e1s utilizando. La pol\u00edtica de privacidad del servicio de Gravatar est\u00e1 disponible aqu\u00ed: https:\/\/automattic.com\/privacy\/. Tras la aprobaci\u00f3n de tu comentario, tu imagen de perfil es visible al p\u00fablico en el contexto de tu comentario.<\/p>\n\n\n\n<h2 class=\"wp-block-heading\">Media<\/h2>\n\n\n\n<p>Si subes im\u00e1genes al sitio web, debes evitar subir im\u00e1genes con datos de ubicaci\u00f3n incrustados (GPS EXIF) incluidos. Los visitantes del sitio web pueden descargar y extraer cualquier dato de ubicaci\u00f3n de las im\u00e1genes en el sitio.<\/p>\n\n\n\n<h2 class=\"wp-block-heading\">Cookies<\/h2>\n\n\n\n<p>Si deja un comentario en nuestro sitio, puede optar por guardar su nombre, direcci\u00f3n de correo electr\u00f3nico y sitio web en cookies. Esto es para su comodidad, para que no tenga que volver a completar sus datos cuando deje otro comentario. Estas cookies durar\u00e1n un a\u00f1o.<\/p>\n\n\n\n<p>Si visita nuestra p\u00e1gina de inicio de sesi\u00f3n, configuraremos una cookie temporal para determinar si su navegador acepta cookies. Esta cookie no contiene datos personales y se descarta cuando cierra su navegador.<\/p>\n\n\n\n<p>Cuando inicias sesi\u00f3n, tambi\u00e9n configuraremos varias cookies para guardar tu informaci\u00f3n de inicio de sesi\u00f3n y tus preferencias de visualizaci\u00f3n de pantalla. Las cookies de inicio de sesi\u00f3n duran dos d\u00edas y las cookies de opciones de pantalla duran un a\u00f1o. Si seleccionas \u00abRecu\u00e9rdame\u00bb, tu inicio de sesi\u00f3n se mantendr\u00e1 durante dos semanas. Si cierras sesi\u00f3n en tu cuenta, las cookies de inicio de sesi\u00f3n ser\u00e1n eliminadas.<\/p>\n\n\n\n<p>Si editas o publicas un art\u00edculo, se guardar\u00e1 una cookie adicional en tu navegador. Esta cookie no incluye datos personales y simplemente indica el ID del art\u00edculo que acabas de editar. Caduca despu\u00e9s de 1 d\u00eda.<\/p>\n\n\n\n<h2 class=\"wp-block-heading\">Contenido incrustado de otros sitios web<\/h2>\n\n\n\n<p>Los art\u00edculos en este sitio pueden incluir contenido incrustado (por ejemplo, videos, im\u00e1genes, art\u00edculos, etc.). El contenido incrustado de otros sitios web se comporta exactamente de la misma manera que si el visitante hubiera visitado el otro sitio web.<\/p>\n\n\n\n<p>Estos sitios web pueden recopilar datos sobre ti, utilizar cookies, incorporar seguimiento de terceros adicional y monitorear tu interacci\u00f3n con el contenido integrado, incluyendo el seguimiento de tu interacci\u00f3n con el contenido incrustado si tienes una cuenta y est\u00e1s conectado a ese sitio web.<\/p>\n\n\n\n<h2 class=\"wp-block-heading\">Con qui\u00e9n compartimos tus datos<\/h2>\n\n\n\n<p>Si solicitas un restablecimiento de contrase\u00f1a, tu direcci\u00f3n IP se incluir\u00e1 en el correo electr\u00f3nico de restablecimiento.<\/p>\n\n\n\n<h2 class=\"wp-block-heading\">Cu\u00e1nto tiempo retenemos tus datos<\/h2>\n\n\n\n<p>Si deja un comentario, el comentario y sus metadatos se conservan indefinidamente. Esto es para que podamos reconocer y aprobar cualquier comentario de seguimiento autom\u00e1ticamente en lugar de mantenerlos en una cola de moderaci\u00f3n.<\/p>\n\n\n\n<p>Para los usuarios que se registran en nuestro sitio web (si los hay), tambi\u00e9n almacenamos la informaci\u00f3n personal que proporcionan en su perfil de usuario. Todos los usuarios pueden ver, editar o eliminar su informaci\u00f3n personal en cualquier momento (excepto que no pueden cambiar su nombre de usuario). Los administradores del sitio web tambi\u00e9n pueden ver y editar esa informaci\u00f3n.<\/p>\n\n\n\n<h2 class=\"wp-block-heading\">Qu\u00e9 derechos tienes sobre tus datos<\/h2>\n\n\n\n<p>Si tiene una cuenta en este sitio o ha dejado comentarios, puede solicitar recibir un archivo exportado de los datos personales que tenemos sobre usted, incluidos los datos que nos haya proporcionado. Tambi\u00e9n puede solicitar que borremos cualquier dato personal que tengamos sobre usted. Esto no incluye ning\u00fan dato que estemos obligados a conservar con fines administrativos, legales o de seguridad.<\/p>\n\n\n\n<h2 class=\"wp-block-heading\">D\u00f3nde se env\u00edan tus datos<\/h2>\n\n\n\n<p>Los comentarios de los visitantes pueden revisarse a trav\u00e9s de un servicio automatizado de detecci\u00f3n de spam.<\/p>\n","protected":false},"excerpt":{"rendered":"<p>Qui\u00e9nes somos Nuestra direcci\u00f3n de sitio web es: https:\/\/www.inventorhormiga.com\/estudio. Comentarios Cuando los visitantes dejan comentarios en el sitio, recopilamos los datos que se muestran en el formulario de comentarios, as\u00ed como la direcci\u00f3n IP del visitante y la cadena del agente de usuario del navegador para ayudar en la detecci\u00f3n de spam. Una cadena an\u00f3nima [&hellip;]<\/p>\n","protected":false},"author":1,"featured_media":0,"parent":0,"menu_order":0,"comment_status":"closed","ping_status":"closed","template":"","meta":{"_joinchat":[],"footnotes":""},"class_list":["post-3","page","type-page","status-publish","hentry"],"jetpack_sharing_enabled":true,"jetpack-related-posts":[{"id":370,"url":"https:\/\/www.inventorhormiga.com\/estudio\/servicios\/","url_meta":{"origin":3,"position":0},"title":"Servicios","author":"admin","date":"junio 27, 2023","format":false,"excerpt":"Servicios Profesionales Inventor Hormiga\u00ae. Aplicaciones m\u00f3viles (Apps) el mundo a tu alcance Tarjeta de desarrollo Altera Max10 FPGA An\u00e1lisis, Dise\u00f1o, Desarrollo, Pruebas Y Puesta En Producci\u00f3n \u00a1\u00bfEmergencia?! :O Recuperaci\u00f3n de datos \u00bf\u00a1Te ha pasado que accidentalmente borraste archivos de tu memoria USB o disco duro o qu\u00e9 una falla el\u00e9ctrica\u2026","rel":"","context":"Entrada similar","block_context":{"text":"Entrada similar","link":""},"img":{"alt_text":"","src":"https:\/\/i0.wp.com\/www.inventorhormiga.com\/estudio\/wp-content\/uploads\/2024\/07\/Apps_Programming_300X150-1.jpg?resize=350%2C200","width":350,"height":200},"classes":[]},{"id":827,"url":"https:\/\/www.inventorhormiga.com\/estudio\/data-recovery\/","url_meta":{"origin":3,"position":1},"title":"Data Recovery","author":"admin","date":"febrero 23, 2024","format":false,"excerpt":"Para reparar un disco duro y recuperar informaci\u00f3n o archivos, se debe seguir el Proceso de recuperaci\u00f3n de datos: Solicita ayuda ahora Protecci\u00f3n del dispositivo. Diagn\u00f3stico de la falla y cotizaci\u00f3n. Reparaci\u00f3n de emergencia. Clonado o imagen. Extracci\u00f3n, reconstrucci\u00f3n y recuperaci\u00f3n de datos. Verificaci\u00f3n y correcci\u00f3n de errores. Cobro del\u2026","rel":"","context":"Entrada similar","block_context":{"text":"Entrada similar","link":""},"img":{"alt_text":"","src":"","width":0,"height":0},"classes":[]},{"id":1395,"url":"https:\/\/www.inventorhormiga.com\/estudio\/circuitos-electronicos-digitales\/","url_meta":{"origin":3,"position":2},"title":"Circuitos electr\u00f3nicos digitales.","author":"admin","date":"noviembre 10, 2025","format":false,"excerpt":"En muchos casos alguno de nuestros proyectos requiere de dispositivos electr\u00f3nicos digitales construidos a la medida, es decir, que cumpla funciones especificas que no se encuentran disponibles en alg\u00fan producto comercial o que est\u00e1 fuera de nuestro presupuesto. Para ellos se requiere el dise\u00f1o y desarrollo de circuitos electr\u00f3nicos digitales.\u2026","rel":"","context":"Entrada similar","block_context":{"text":"Entrada similar","link":""},"img":{"alt_text":"Altera Max10 FPGA","src":"https:\/\/i0.wp.com\/www.inventorhormiga.com\/estudio\/wp-content\/uploads\/2024\/02\/10000255034469021897531495171.jpg?resize=350%2C200","width":350,"height":200,"srcset":"https:\/\/i0.wp.com\/www.inventorhormiga.com\/estudio\/wp-content\/uploads\/2024\/02\/10000255034469021897531495171.jpg?resize=350%2C200 1x, https:\/\/i0.wp.com\/www.inventorhormiga.com\/estudio\/wp-content\/uploads\/2024\/02\/10000255034469021897531495171.jpg?resize=525%2C300 1.5x"},"classes":[]}],"_links":{"self":[{"href":"https:\/\/www.inventorhormiga.com\/estudio\/wp-json\/wp\/v2\/pages\/3","targetHints":{"allow":["GET"]}}],"collection":[{"href":"https:\/\/www.inventorhormiga.com\/estudio\/wp-json\/wp\/v2\/pages"}],"about":[{"href":"https:\/\/www.inventorhormiga.com\/estudio\/wp-json\/wp\/v2\/types\/page"}],"author":[{"embeddable":true,"href":"https:\/\/www.inventorhormiga.com\/estudio\/wp-json\/wp\/v2\/users\/1"}],"replies":[{"embeddable":true,"href":"https:\/\/www.inventorhormiga.com\/estudio\/wp-json\/wp\/v2\/comments?post=3"}],"version-history":[{"count":6,"href":"https:\/\/www.inventorhormiga.com\/estudio\/wp-json\/wp\/v2\/pages\/3\/revisions"}],"predecessor-version":[{"id":872,"href":"https:\/\/www.inventorhormiga.com\/estudio\/wp-json\/wp\/v2\/pages\/3\/revisions\/872"}],"wp:attachment":[{"href":"https:\/\/www.inventorhormiga.com\/estudio\/wp-json\/wp\/v2\/media?parent=3"}],"curies":[{"name":"wp","href":"https:\/\/api.w.org\/{rel}","templated":true}]}}