{"id":1184,"date":"2024-12-05T20:07:22","date_gmt":"2024-12-06T02:07:22","guid":{"rendered":"http:\/\/www.inventorhormiga.com\/estudio\/?page_id=1184"},"modified":"2025-10-06T12:26:25","modified_gmt":"2025-10-06T18:26:25","slug":"cotizaciones","status":"publish","type":"page","link":"https:\/\/www.inventorhormiga.com\/estudio\/cotizaciones\/","title":{"rendered":"Cotizar"},"content":{"rendered":"\n<p>En construcci\u00f3n &#8230;<\/p>\n\n\n\n<figure class=\"wp-block-image size-full\"><img data-recalc-dims=\"1\" loading=\"lazy\" decoding=\"async\" width=\"570\" height=\"321\" src=\"https:\/\/i0.wp.com\/www.inventorhormiga.com\/estudio\/wp-content\/uploads\/2023\/09\/Sitio_Web_En_Construccion.gif?resize=570%2C321&#038;ssl=1\" alt=\"\" class=\"wp-image-721\"\/><\/figure>\n\n\n\n<p><\/p>\n","protected":false},"excerpt":{"rendered":"<p>En construcci\u00f3n &#8230;<\/p>\n","protected":false},"author":1,"featured_media":0,"parent":0,"menu_order":0,"comment_status":"closed","ping_status":"closed","template":"","meta":{"_joinchat":[],"footnotes":""},"class_list":["post-1184","page","type-page","status-publish","hentry"],"jetpack_sharing_enabled":true,"jetpack-related-posts":[{"id":1204,"url":"https:\/\/www.inventorhormiga.com\/estudio\/a-la-medida\/","url_meta":{"origin":1184,"position":0},"title":"A la medida","author":"admin","date":"diciembre 6, 2024","format":false,"excerpt":"Dise\u00f1o y construcci\u00f3n del prototipo que necesitas en tu proyecto de negocios, arquitectura, mercadotecnia, programaci\u00f3n, rob\u00f3tica, etc\u00e9tera. La soluci\u00f3n que resuelve requerimientos, cualquier idea de gadget o de alg\u00fan invento, las concretamos en algo real. En construcci\u00f3n ...","rel":"","context":"Entrada similar","block_context":{"text":"Entrada similar","link":""},"img":{"alt_text":"","src":"https:\/\/i0.wp.com\/www.inventorhormiga.com\/estudio\/wp-content\/uploads\/2023\/09\/Sitio_Web_En_Construccion.gif?resize=350%2C200&ssl=1","width":350,"height":200,"srcset":"https:\/\/i0.wp.com\/www.inventorhormiga.com\/estudio\/wp-content\/uploads\/2023\/09\/Sitio_Web_En_Construccion.gif?resize=350%2C200&ssl=1 1x, https:\/\/i0.wp.com\/www.inventorhormiga.com\/estudio\/wp-content\/uploads\/2023\/09\/Sitio_Web_En_Construccion.gif?resize=525%2C300&ssl=1 1.5x"},"classes":[]},{"id":1256,"url":"https:\/\/www.inventorhormiga.com\/estudio\/inscripciones\/","url_meta":{"origin":1184,"position":1},"title":"Inscribirme","author":"admin","date":"febrero 13, 2025","format":false,"excerpt":"En construcci\u00f3n \u2026","rel":"","context":"Entrada similar","block_context":{"text":"Entrada similar","link":""},"img":{"alt_text":"","src":"https:\/\/i0.wp.com\/www.inventorhormiga.com\/estudio\/wp-content\/uploads\/2023\/09\/Sitio_Web_En_Construccion.gif?resize=350%2C200&ssl=1","width":350,"height":200,"srcset":"https:\/\/i0.wp.com\/www.inventorhormiga.com\/estudio\/wp-content\/uploads\/2023\/09\/Sitio_Web_En_Construccion.gif?resize=350%2C200&ssl=1 1x, https:\/\/i0.wp.com\/www.inventorhormiga.com\/estudio\/wp-content\/uploads\/2023\/09\/Sitio_Web_En_Construccion.gif?resize=525%2C300&ssl=1 1.5x"},"classes":[]},{"id":598,"url":"https:\/\/www.inventorhormiga.com\/estudio\/frontend-con-react-js-mui\/","url_meta":{"origin":1184,"position":2},"title":"Frontend con React JS MUI","author":"admin","date":"octubre 10, 2023","format":false,"excerpt":"El objetivo de este curso es adquirir la habilidad para construir aplicaciones para el Front End ocupando React JS y Material User Interface (MUI). En construcci\u00f3n ...","rel":"","context":"Entrada similar","block_context":{"text":"Entrada similar","link":""},"img":{"alt_text":"","src":"https:\/\/i0.wp.com\/www.inventorhormiga.com\/estudio\/wp-content\/uploads\/2023\/09\/Sitio_Web_En_Construccion.gif?resize=350%2C200&ssl=1","width":350,"height":200,"srcset":"https:\/\/i0.wp.com\/www.inventorhormiga.com\/estudio\/wp-content\/uploads\/2023\/09\/Sitio_Web_En_Construccion.gif?resize=350%2C200&ssl=1 1x, https:\/\/i0.wp.com\/www.inventorhormiga.com\/estudio\/wp-content\/uploads\/2023\/09\/Sitio_Web_En_Construccion.gif?resize=525%2C300&ssl=1 1.5x"},"classes":[]},{"id":1395,"url":"https:\/\/www.inventorhormiga.com\/estudio\/circuitos-electronicos-digitales\/","url_meta":{"origin":1184,"position":3},"title":"Circuitos electr\u00f3nicos digitales.","author":"admin","date":"noviembre 10, 2025","format":false,"excerpt":"En muchos casos alguno de nuestros proyectos requiere de dispositivos electr\u00f3nicos digitales construidos a la medida, es decir, que cumpla funciones especificas que no se encuentran disponibles en alg\u00fan producto comercial o que est\u00e1 fuera de nuestro presupuesto. Para ellos se requiere el dise\u00f1o y desarrollo de circuitos electr\u00f3nicos digitales.\u2026","rel":"","context":"Entrada similar","block_context":{"text":"Entrada similar","link":""},"img":{"alt_text":"Altera Max10 FPGA","src":"https:\/\/i0.wp.com\/www.inventorhormiga.com\/estudio\/wp-content\/uploads\/2024\/02\/10000255034469021897531495171.jpg?resize=350%2C200","width":350,"height":200,"srcset":"https:\/\/i0.wp.com\/www.inventorhormiga.com\/estudio\/wp-content\/uploads\/2024\/02\/10000255034469021897531495171.jpg?resize=350%2C200 1x, https:\/\/i0.wp.com\/www.inventorhormiga.com\/estudio\/wp-content\/uploads\/2024\/02\/10000255034469021897531495171.jpg?resize=525%2C300 1.5x"},"classes":[]},{"id":370,"url":"https:\/\/www.inventorhormiga.com\/estudio\/servicios\/","url_meta":{"origin":1184,"position":4},"title":"Servicios","author":"admin","date":"junio 27, 2023","format":false,"excerpt":"Servicios Profesionales Inventor Hormiga\u00ae. Aplicaciones m\u00f3viles (Apps) el mundo a tu alcance Tarjeta de desarrollo Altera Max10 FPGA An\u00e1lisis, Dise\u00f1o, Desarrollo, Pruebas Y Puesta En Producci\u00f3n \u00a1\u00bfEmergencia?! :O Recuperaci\u00f3n de datos \u00bf\u00a1Te ha pasado que accidentalmente borraste archivos de tu memoria USB o disco duro o qu\u00e9 una falla el\u00e9ctrica\u2026","rel":"","context":"Entrada similar","block_context":{"text":"Entrada similar","link":""},"img":{"alt_text":"","src":"https:\/\/i0.wp.com\/www.inventorhormiga.com\/estudio\/wp-content\/uploads\/2024\/07\/Apps_Programming_300X150-1.jpg?resize=350%2C200","width":350,"height":200},"classes":[]}],"_links":{"self":[{"href":"https:\/\/www.inventorhormiga.com\/estudio\/wp-json\/wp\/v2\/pages\/1184","targetHints":{"allow":["GET"]}}],"collection":[{"href":"https:\/\/www.inventorhormiga.com\/estudio\/wp-json\/wp\/v2\/pages"}],"about":[{"href":"https:\/\/www.inventorhormiga.com\/estudio\/wp-json\/wp\/v2\/types\/page"}],"author":[{"embeddable":true,"href":"https:\/\/www.inventorhormiga.com\/estudio\/wp-json\/wp\/v2\/users\/1"}],"replies":[{"embeddable":true,"href":"https:\/\/www.inventorhormiga.com\/estudio\/wp-json\/wp\/v2\/comments?post=1184"}],"version-history":[{"count":2,"href":"https:\/\/www.inventorhormiga.com\/estudio\/wp-json\/wp\/v2\/pages\/1184\/revisions"}],"predecessor-version":[{"id":1377,"href":"https:\/\/www.inventorhormiga.com\/estudio\/wp-json\/wp\/v2\/pages\/1184\/revisions\/1377"}],"wp:attachment":[{"href":"https:\/\/www.inventorhormiga.com\/estudio\/wp-json\/wp\/v2\/media?parent=1184"}],"curies":[{"name":"wp","href":"https:\/\/api.w.org\/{rel}","templated":true}]}}